{"id":3,"date":"2024-06-24T19:04:49","date_gmt":"2024-06-24T17:04:49","guid":{"rendered":"https:\/\/www.santi-zt.at\/?page_id=3"},"modified":"2025-09-15T19:36:21","modified_gmt":"2025-09-15T17:36:21","slug":"impressum","status":"publish","type":"page","link":"https:\/\/www.santi-zt.at\/index.php\/impressum\/","title":{"rendered":"IMPRESSUM"},"content":{"rendered":"\n<div class=\"wp-block-cover alignfull is-light has-parallax\" style=\"margin-top:0;margin-bottom:0;padding-top:0;padding-bottom:0;min-height:550px;aspect-ratio:unset;\"><div class=\"wp-block-cover__image-background wp-image-539 has-parallax\" style=\"background-position:50% 50%;background-image:url(https:\/\/www.santi-zt.at\/wp-content\/uploads\/2024\/08\/ZAC02.jpg)\"><\/div><span aria-hidden=\"true\" class=\"wp-block-cover__background has-background-dim-20 has-background-dim\" style=\"background-color:#9f8c7c\"><\/span><div class=\"wp-block-cover__inner-container has-global-padding is-layout-constrained wp-block-cover-is-layout-constrained\">\n<p class=\"has-text-align-center has-base-color has-text-color has-link-color has-xx-large-font-size agl agl-fadeCSSUp agl-in-distance-2 wp-elements-7aa9fbac7a4bd51b1c29e3468397d389\" style=\"font-style:normal;font-weight:700\">IMPRESSUM<\/p>\n<\/div><\/div>\n\n\n\n<div style=\"height:100px\" aria-hidden=\"true\" class=\"wp-block-spacer\"><\/div>\n\n\n\n<p class=\"has-text-align-center has-small-font-size\"><strong>Erf\u00fcllung der Informationspflichten gem\u00e4\u00df \u00a7 22 Dienstleistungsgesetz und <br>gem\u00e4\u00df \u00a7 5a Konsumentenschutzgesetz und<br>gem\u00e4\u00df \u00a7 4 (1) Fern- und Ausw\u00e4rtsgesch\u00e4ftegesetz<\/strong><br><\/p>\n\n\n\n<div class=\"wp-block-columns alignwide is-layout-flex wp-container-core-columns-is-layout-28f84493 wp-block-columns-is-layout-flex\" style=\"font-size:0.8rem\">\n<div class=\"wp-block-column has-global-padding is-content-justification-left is-layout-constrained wp-container-core-column-is-layout-12dd3699 wp-block-column-is-layout-constrained\">\n<p class=\"has-text-align-left\">Name: Architekt Dipl.-Ing. Joachim Santi<br>Rechtsform: Einzelunternehmen<br><br>Anschrift der Niederlassung: Hackergasse 6\/4\/8, 1100 Wien<br>Telefon: +43 664 464 77 57<br>E-Mail: js@santi-zt.at<br>Website: www.santi-zt.at<br>Umsatzsteuer-Identifikationsnummer: ATU 61396117<\/p>\n\n\n\n<p class=\"has-text-align-left\">Genaue Berufsbezeichnung:<br>staatlich befugter und beeideter Ziviltechniker, Architekt<br>Befugnisverleihung erfolgte in \u00d6sterreich<\/p>\n\n\n\n<p class=\"has-text-align-left\">Zust\u00e4ndige Beh\u00f6rde zur Erteilung der Befugnis:<br>Bundesministerium f\u00fcr Digitalisierung und Wirtschaftsstandort<br>1010 Wien, Stubenring 1<br>www.bmaw.gv.at<\/p>\n\n\n\n<p class=\"has-text-align-left\">Zust\u00e4ndige Berufskammer:<br>Kammer der ZiviltechnikerInnen f\u00fcr Wien, Nieder\u00f6sterreich und Burgenland<br>Karlsgasse 9\/1. Stock, 1040 Wien, \u00d6sterreich<\/p>\n\n\n\n<p class=\"has-text-align-left\">Versichert bei:<br>Generali Versicherung AG, Tel.: +43 1 515 90 0<br>R\u00e4umlicher Geltungsbereich der Haftpflichtversicherung: Europa<\/p>\n\n\n\n<p class=\"has-text-align-left\">Berufsrechtliche Vorschriften:<br>Bundesgesetz \u00fcber Ziviltechniker (Ziviltechnikergesetz 2019 &#8211; ZTG)<br>https:\/\/www.ris.bka.gv.at\/GeltendeFassung.wxe?Abfrage=Bundesnormen&amp;Gesetzesnummer=20010625<\/p>\n\n\n\n<p class=\"has-text-align-left\">Standesregeln \/Verhaltenskodices:<br>\u00d6sterreichische Standesregeln f\u00fcr Ziviltechniker (in Deutsch)<br>https:\/\/www.arching.at\/fileadmin\/user_upload\/redakteure\/Berufs-_und_Kammerrecht\/Verordnungen_der_Bundeskammer\/standesregeln_der_zt_stand_1_1_2015.pdf<\/p>\n<\/div>\n\n\n\n<div class=\"wp-block-column has-global-padding is-content-justification-center is-layout-constrained wp-block-column-is-layout-constrained\">\n<p class=\"has-text-align-left\">Hauptmerkmale \/wesentliche Eigenschaften der Dienstleistung:<br>Bauprojektmanagement<\/p>\n\n\n\n<p class=\"has-text-align-left\">AGB und wichtige Vertragsbedingungen:<br>Es gelten die Allgemeine Gesch\u00e4ftsbedingungen f\u00fcr Leistungen von Ziviltechnikern gegen\u00fcber KonsumentInnen (AGB-ZT-Konsument:innen), Stand: Dez. 2023<\/p>\n\n\n\n<p class=\"has-text-align-left\">Gew\u00e4hrleistung\/Garantien:<br>Bei mangelhafter Leistung besteht ein Recht auf Gew\u00e4hrleistung<br>gem\u00e4\u00df \u00a7 932 und \u00a7 933 ABGB<br>https:\/\/www.ris.bka.gv.at\/Dokument.wxe?Abfrage=Bundesnormen&amp;Dokumentnummer=NOR40018130<br>https:\/\/www.ris.bka.gv.at\/Dokument.wxe?Abfrage=Bundesnormen&amp;Dokumentnummer=NOR40018131<\/p>\n\n\n\n<p class=\"has-text-align-left\">Streitbeilegung \/ Umgang mit Beschwerden<br>Gem\u00e4\u00df Punkt 20 der AGB-ZT-Konsument:innen, Stand: Dez. 2023<\/p>\n\n\n\n<p class=\"has-text-align-left\">Hinweis auf R\u00fccktrittsm\u00f6glichkeit:<br>R\u00fccktrittsm\u00f6glichkeit besteht gem\u00e4\u00df \u00a7 11 (1) Fern- und Ausw\u00e4rtsgesch\u00e4fte-Gesetz innerhalb von 14 Tagen ab Vertragsabschluss ohne Angabe von Gr\u00fcnden durch Widerruf. Die Erkl\u00e4rung des R\u00fccktritts ist an keine bestimmte Form gebunden, sie muss innerhalb der Frist abgesendet werden.<\/p>\n\n\n\n<p class=\"has-text-align-left\">Folgen des Widerrufs<br>Wenn Sie diesen Vertrag widerrufen, haben wir Ihnen alle Zahlungen, die wir von Ihnen erhalten haben, unverz\u00fcglich und sp\u00e4testens binnen 14 Tagen ab dem Tag, an dem Ihre Mitteilung bei uns eingegangen ist, zur\u00fcckzuzahlen. F\u00fcr diese R\u00fcckzahlung wird kein Entgelt berechnet. Wenn nichts anderes vereinbart ist, verwenden wir dasselbe Zahlungsmittel, das Sie bei der urspr\u00fcnglichen Transaktion verwendet haben.<br>Haben Sie verlangt, dass die Dienstleistung w\u00e4hrend der Widerrufsfrist beginnen soll, so haben Sie uns einen angemessenen Betrag zu zahlen, der dem Anteil der bis zu dem Zeitpunkt, zu dem Sie uns von der Aus\u00fcbung des Widerrufsrechts hinsichtlich dieses Vertrags unterrichten, bereits erbrachten Dienstleistungen im Vergleich zum Gesamtumfang der im Vertrag vorgesehenen Dienstleistungen entspricht.<\/p>\n\n\n\n<p class=\"has-text-align-left\">Copyright<br>S\u00e4mtliche Texte, Bilder, Grafiken, Animationen, Videos, Sounds und sonstige Inhalte dieser Website sowie deren Anordnung sind durch das Urheberrecht und andere Schutzgesetze gesch\u00fctzt. Es darf keine Vervielf\u00e4ltigung, Ver\u00e4nderung oder Verwendung der genannten Inhalte in anderen elektronischen oder gedruckten Publikationen ohne vorherige ausdr\u00fcckliche Zustimmung durch DI Joachim Santi erfolgen.<\/p>\n\n\n\n<p class=\"has-text-align-left\"><\/p>\n<\/div>\n<\/div>\n\n\n\n<div style=\"height:100px\" aria-hidden=\"true\" class=\"wp-block-spacer\"><\/div>\n\n\n\n<div class=\"wp-block-cover alignfull is-light has-parallax\" style=\"min-height:550px;aspect-ratio:unset;\"><div class=\"wp-block-cover__image-background wp-image-539 has-parallax\" style=\"background-position:50% 50%;background-image:url(https:\/\/www.santi-zt.at\/wp-content\/uploads\/2024\/08\/ZAC02.jpg)\"><\/div><span aria-hidden=\"true\" class=\"wp-block-cover__background has-background-dim-20 has-background-dim\" style=\"background-color:#9f8c7c\"><\/span><div class=\"wp-block-cover__inner-container has-global-padding is-layout-constrained wp-block-cover-is-layout-constrained\">\n<p class=\"has-text-align-center has-large-font-size\"><\/p>\n<\/div><\/div>\n","protected":false},"excerpt":{"rendered":"<p>Erf\u00fcllung der Informationspflichten gem\u00e4\u00df \u00a7 22 Dienstleistungsgesetz und gem\u00e4\u00df \u00a7 5a Konsumentenschutzgesetz undgem\u00e4\u00df \u00a7 4 (1) Fern- und Ausw\u00e4rtsgesch\u00e4ftegesetz Name: Architekt Dipl.-Ing. Joachim SantiRechtsform: Einzelunternehmen Anschrift der Niederlassung: Hackergasse 6\/4\/8, 1100 WienTelefon: +43 664 464 77 57E-Mail: js@santi-zt.atWebsite: www.santi-zt.atUmsatzsteuer-Identifikationsnummer: ATU 61396117 Genaue Berufsbezeichnung:staatlich befugter und beeideter Ziviltechniker, ArchitektBefugnisverleihung erfolgte in \u00d6sterreich Zust\u00e4ndige Beh\u00f6rde zur Erteilung [&hellip;]<\/p>\n","protected":false},"author":1,"featured_media":0,"parent":0,"menu_order":0,"comment_status":"closed","ping_status":"closed","template":"","meta":{"footnotes":""},"class_list":["post-3","page","type-page","status-publish","hentry"],"yoast_head":"<!-- This site is optimized with the Yoast SEO plugin v25.9 - https:\/\/yoast.com\/wordpress\/plugins\/seo\/ -->\n<title>IMPRESSUM - Architekt Dipl.-Ing. Joachim Santi<\/title>\n<meta name=\"robots\" content=\"index, follow, max-snippet:-1, max-image-preview:large, max-video-preview:-1\" \/>\n<link rel=\"canonical\" href=\"https:\/\/www.santi-zt.at\/index.php\/impressum\/\" \/>\n<meta property=\"og:locale\" content=\"de_DE\" \/>\n<meta property=\"og:type\" content=\"article\" \/>\n<meta property=\"og:title\" content=\"IMPRESSUM - Architekt Dipl.-Ing. Joachim Santi\" \/>\n<meta property=\"og:description\" content=\"Erf\u00fcllung der Informationspflichten gem\u00e4\u00df \u00a7 22 Dienstleistungsgesetz und gem\u00e4\u00df \u00a7 5a Konsumentenschutzgesetz undgem\u00e4\u00df \u00a7 4 (1) Fern- und Ausw\u00e4rtsgesch\u00e4ftegesetz Name: Architekt Dipl.-Ing. Joachim SantiRechtsform: Einzelunternehmen Anschrift der Niederlassung: Hackergasse 6\/4\/8, 1100 WienTelefon: +43 664 464 77 57E-Mail: js@santi-zt.atWebsite: www.santi-zt.atUmsatzsteuer-Identifikationsnummer: ATU 61396117 Genaue Berufsbezeichnung:staatlich befugter und beeideter Ziviltechniker, ArchitektBefugnisverleihung erfolgte in \u00d6sterreich Zust\u00e4ndige Beh\u00f6rde zur Erteilung [&hellip;]\" \/>\n<meta property=\"og:url\" content=\"https:\/\/www.santi-zt.at\/index.php\/impressum\/\" \/>\n<meta property=\"og:site_name\" content=\"Architekt Dipl.-Ing. Joachim Santi\" \/>\n<meta property=\"article:modified_time\" content=\"2025-09-15T17:36:21+00:00\" \/>\n<meta name=\"twitter:card\" content=\"summary_large_image\" \/>\n<script type=\"application\/ld+json\" class=\"yoast-schema-graph\">{\"@context\":\"https:\/\/schema.org\",\"@graph\":[{\"@type\":\"WebPage\",\"@id\":\"https:\/\/www.santi-zt.at\/index.php\/impressum\/\",\"url\":\"https:\/\/www.santi-zt.at\/index.php\/impressum\/\",\"name\":\"IMPRESSUM - Architekt Dipl.-Ing. Joachim Santi\",\"isPartOf\":{\"@id\":\"https:\/\/www.santi-zt.at\/#website\"},\"datePublished\":\"2024-06-24T17:04:49+00:00\",\"dateModified\":\"2025-09-15T17:36:21+00:00\",\"breadcrumb\":{\"@id\":\"https:\/\/www.santi-zt.at\/index.php\/impressum\/#breadcrumb\"},\"inLanguage\":\"de-AT\",\"potentialAction\":[{\"@type\":\"ReadAction\",\"target\":[\"https:\/\/www.santi-zt.at\/index.php\/impressum\/\"]}]},{\"@type\":\"BreadcrumbList\",\"@id\":\"https:\/\/www.santi-zt.at\/index.php\/impressum\/#breadcrumb\",\"itemListElement\":[{\"@type\":\"ListItem\",\"position\":1,\"name\":\"Startseite\",\"item\":\"https:\/\/www.santi-zt.at\/\"},{\"@type\":\"ListItem\",\"position\":2,\"name\":\"IMPRESSUM\"}]},{\"@type\":\"WebSite\",\"@id\":\"https:\/\/www.santi-zt.at\/#website\",\"url\":\"https:\/\/www.santi-zt.at\/\",\"name\":\"Architekt Dipl.-Ing. Joachim Santi\",\"description\":\"Bauprojektmanagement \u00d6BA Projektsteuerung\",\"publisher\":{\"@id\":\"https:\/\/www.santi-zt.at\/#organization\"},\"potentialAction\":[{\"@type\":\"SearchAction\",\"target\":{\"@type\":\"EntryPoint\",\"urlTemplate\":\"https:\/\/www.santi-zt.at\/?s={search_term_string}\"},\"query-input\":{\"@type\":\"PropertyValueSpecification\",\"valueRequired\":true,\"valueName\":\"search_term_string\"}}],\"inLanguage\":\"de-AT\"},{\"@type\":\"Organization\",\"@id\":\"https:\/\/www.santi-zt.at\/#organization\",\"name\":\"Architekt Dipl.-Ing. Joachim Santi\",\"url\":\"https:\/\/www.santi-zt.at\/\",\"logo\":{\"@type\":\"ImageObject\",\"inLanguage\":\"de-AT\",\"@id\":\"https:\/\/www.santi-zt.at\/#\/schema\/logo\/image\/\",\"url\":\"https:\/\/www.santi-zt.at\/wp-content\/uploads\/2024\/06\/cropped-24_szt_log_sw_1200-1.png\",\"contentUrl\":\"https:\/\/www.santi-zt.at\/wp-content\/uploads\/2024\/06\/cropped-24_szt_log_sw_1200-1.png\",\"width\":982,\"height\":250,\"caption\":\"Architekt Dipl.-Ing. Joachim Santi\"},\"image\":{\"@id\":\"https:\/\/www.santi-zt.at\/#\/schema\/logo\/image\/\"}}]}<\/script>\n<!-- \/ Yoast SEO plugin. -->","yoast_head_json":{"title":"IMPRESSUM - Architekt Dipl.-Ing. Joachim Santi","robots":{"index":"index","follow":"follow","max-snippet":"max-snippet:-1","max-image-preview":"max-image-preview:large","max-video-preview":"max-video-preview:-1"},"canonical":"https:\/\/www.santi-zt.at\/index.php\/impressum\/","og_locale":"de_DE","og_type":"article","og_title":"IMPRESSUM - Architekt Dipl.-Ing. Joachim Santi","og_description":"Erf\u00fcllung der Informationspflichten gem\u00e4\u00df \u00a7 22 Dienstleistungsgesetz und gem\u00e4\u00df \u00a7 5a Konsumentenschutzgesetz undgem\u00e4\u00df \u00a7 4 (1) Fern- und Ausw\u00e4rtsgesch\u00e4ftegesetz Name: Architekt Dipl.-Ing. Joachim SantiRechtsform: Einzelunternehmen Anschrift der Niederlassung: Hackergasse 6\/4\/8, 1100 WienTelefon: +43 664 464 77 57E-Mail: js@santi-zt.atWebsite: www.santi-zt.atUmsatzsteuer-Identifikationsnummer: ATU 61396117 Genaue Berufsbezeichnung:staatlich befugter und beeideter Ziviltechniker, ArchitektBefugnisverleihung erfolgte in \u00d6sterreich Zust\u00e4ndige Beh\u00f6rde zur Erteilung [&hellip;]","og_url":"https:\/\/www.santi-zt.at\/index.php\/impressum\/","og_site_name":"Architekt Dipl.-Ing. Joachim Santi","article_modified_time":"2025-09-15T17:36:21+00:00","twitter_card":"summary_large_image","schema":{"@context":"https:\/\/schema.org","@graph":[{"@type":"WebPage","@id":"https:\/\/www.santi-zt.at\/index.php\/impressum\/","url":"https:\/\/www.santi-zt.at\/index.php\/impressum\/","name":"IMPRESSUM - Architekt Dipl.-Ing. Joachim Santi","isPartOf":{"@id":"https:\/\/www.santi-zt.at\/#website"},"datePublished":"2024-06-24T17:04:49+00:00","dateModified":"2025-09-15T17:36:21+00:00","breadcrumb":{"@id":"https:\/\/www.santi-zt.at\/index.php\/impressum\/#breadcrumb"},"inLanguage":"de-AT","potentialAction":[{"@type":"ReadAction","target":["https:\/\/www.santi-zt.at\/index.php\/impressum\/"]}]},{"@type":"BreadcrumbList","@id":"https:\/\/www.santi-zt.at\/index.php\/impressum\/#breadcrumb","itemListElement":[{"@type":"ListItem","position":1,"name":"Startseite","item":"https:\/\/www.santi-zt.at\/"},{"@type":"ListItem","position":2,"name":"IMPRESSUM"}]},{"@type":"WebSite","@id":"https:\/\/www.santi-zt.at\/#website","url":"https:\/\/www.santi-zt.at\/","name":"Architekt Dipl.-Ing. Joachim Santi","description":"Bauprojektmanagement \u00d6BA Projektsteuerung","publisher":{"@id":"https:\/\/www.santi-zt.at\/#organization"},"potentialAction":[{"@type":"SearchAction","target":{"@type":"EntryPoint","urlTemplate":"https:\/\/www.santi-zt.at\/?s={search_term_string}"},"query-input":{"@type":"PropertyValueSpecification","valueRequired":true,"valueName":"search_term_string"}}],"inLanguage":"de-AT"},{"@type":"Organization","@id":"https:\/\/www.santi-zt.at\/#organization","name":"Architekt Dipl.-Ing. Joachim Santi","url":"https:\/\/www.santi-zt.at\/","logo":{"@type":"ImageObject","inLanguage":"de-AT","@id":"https:\/\/www.santi-zt.at\/#\/schema\/logo\/image\/","url":"https:\/\/www.santi-zt.at\/wp-content\/uploads\/2024\/06\/cropped-24_szt_log_sw_1200-1.png","contentUrl":"https:\/\/www.santi-zt.at\/wp-content\/uploads\/2024\/06\/cropped-24_szt_log_sw_1200-1.png","width":982,"height":250,"caption":"Architekt Dipl.-Ing. Joachim Santi"},"image":{"@id":"https:\/\/www.santi-zt.at\/#\/schema\/logo\/image\/"}}]}},"_links":{"self":[{"href":"https:\/\/www.santi-zt.at\/index.php\/wp-json\/wp\/v2\/pages\/3","targetHints":{"allow":["GET"]}}],"collection":[{"href":"https:\/\/www.santi-zt.at\/index.php\/wp-json\/wp\/v2\/pages"}],"about":[{"href":"https:\/\/www.santi-zt.at\/index.php\/wp-json\/wp\/v2\/types\/page"}],"author":[{"embeddable":true,"href":"https:\/\/www.santi-zt.at\/index.php\/wp-json\/wp\/v2\/users\/1"}],"replies":[{"embeddable":true,"href":"https:\/\/www.santi-zt.at\/index.php\/wp-json\/wp\/v2\/comments?post=3"}],"version-history":[{"count":49,"href":"https:\/\/www.santi-zt.at\/index.php\/wp-json\/wp\/v2\/pages\/3\/revisions"}],"predecessor-version":[{"id":1613,"href":"https:\/\/www.santi-zt.at\/index.php\/wp-json\/wp\/v2\/pages\/3\/revisions\/1613"}],"wp:attachment":[{"href":"https:\/\/www.santi-zt.at\/index.php\/wp-json\/wp\/v2\/media?parent=3"}],"curies":[{"name":"wp","href":"https:\/\/api.w.org\/{rel}","templated":true}]}}