{"id":90,"date":"2024-06-24T23:29:25","date_gmt":"2024-06-24T21:29:25","guid":{"rendered":"https:\/\/www.santi-zt.at\/?page_id=90"},"modified":"2025-09-15T18:02:16","modified_gmt":"2025-09-15T16:02:16","slug":"kontakt","status":"publish","type":"page","link":"https:\/\/www.santi-zt.at\/index.php\/kontakt\/","title":{"rendered":"Kontakt"},"content":{"rendered":"\n<div class=\"wp-block-cover alignfull is-light has-parallax\" style=\"min-height:550px;aspect-ratio:unset;\"><div class=\"wp-block-cover__image-background wp-image-544 has-parallax\" style=\"background-position:50% 50%;background-image:url(https:\/\/www.santi-zt.at\/wp-content\/uploads\/2024\/08\/PAR05-scaled.jpg)\"><\/div><span aria-hidden=\"true\" class=\"wp-block-cover__background has-base-background-color has-background-dim-20 has-background-dim\"><\/span><div class=\"wp-block-cover__inner-container has-global-padding is-layout-constrained wp-block-cover-is-layout-constrained\">\n<p class=\"has-text-align-center has-base-2-color has-text-color has-link-color agl agl-fadeCSSUp agl-in-distance-2 wp-elements-605423742106954ee0c1ca4a91c16dbb\" style=\"font-size:clamp(2.2rem, 2.2rem + ((1vw - 0.2rem) * 3), 4rem);\"><strong>KONTAKT<\/strong><\/p>\n<\/div><\/div>\n\n\n\n<div style=\"height:2px\" aria-hidden=\"true\" class=\"wp-block-spacer\"><\/div>\n\n\n\n<div class=\"wp-block-group alignfull agl agl-fadeCSSUp agl-in-duration-800 agl-in-distance-1 is-content-justification-space-between is-layout-flex wp-container-core-group-is-layout-83af0991 wp-block-group-is-layout-flex\" style=\"margin-top:0;margin-bottom:0;padding-top:var(--wp--preset--spacing--50);padding-right:var(--wp--preset--spacing--30);padding-bottom:var(--wp--preset--spacing--50);padding-left:var(--wp--preset--spacing--30)\">\n<div class=\"wp-block-group wp-container-content-9cfa9a5a is-vertical is-content-justification-center is-layout-flex wp-container-core-group-is-layout-f9a93ed8 wp-block-group-is-layout-flex\">\n<p class=\"has-text-align-center\">Architekt Dipl.-Ing. Joachim Santi<br>1100 Wien, Hackergasse 6\/4\/8<\/p>\n\n\n\n<p class=\"has-text-align-center\">+43 664 464 77 57<br><a href=\"mailto:js@santi-zt.at\">js@santi-zt.at<\/a><\/p>\n\n\n\n<div style=\"height:0px\" aria-hidden=\"true\" class=\"wp-block-spacer wp-container-content-16d1eb73\"><\/div>\n\n\n\n<p class=\"has-text-align-center has-small-font-size\" style=\"margin-top:0;margin-bottom:0;padding-top:0;padding-bottom:0\">scan QR Code f\u00fcr Visitenkarte: <\/p>\n\n\n\n<figure class=\"wp-block-image size-full is-resized\"><img loading=\"lazy\" decoding=\"async\" width=\"295\" height=\"295\" src=\"https:\/\/www.santi-zt.at\/wp-content\/uploads\/2024\/06\/szt_qr_.png\" alt=\"\" class=\"wp-image-238\" style=\"object-fit:cover;width:150px;height:auto\" srcset=\"https:\/\/www.santi-zt.at\/wp-content\/uploads\/2024\/06\/szt_qr_.png 295w, https:\/\/www.santi-zt.at\/wp-content\/uploads\/2024\/06\/szt_qr_-150x150.png 150w\" sizes=\"auto, (max-width: 295px) 100vw, 295px\" \/><\/figure>\n\n\n\n<p class=\"has-text-align-center has-small-font-size\">Kontakt am Smartphone speichern: <br>den QR- Code dr\u00fccken und halten<\/p>\n<\/div>\n<\/div>\n\n\n\n<div style=\"height:2px\" aria-hidden=\"true\" class=\"wp-block-spacer\"><\/div>\n\n\n\n<div class=\"wp-block-cover alignfull is-light has-parallax agl agl-fadeCSSUp agl-in-duration-800 agl-in-distance-1\" style=\"min-height:350px;aspect-ratio:unset;\"><div class=\"wp-block-cover__image-background wp-image-544 has-parallax\" style=\"background-position:50% 50%;background-image:url(https:\/\/www.santi-zt.at\/wp-content\/uploads\/2024\/08\/PAR05-scaled.jpg)\"><\/div><span aria-hidden=\"true\" class=\"wp-block-cover__background has-base-background-color has-background-dim-20 has-background-dim\"><\/span><div class=\"wp-block-cover__inner-container has-global-padding is-layout-constrained wp-block-cover-is-layout-constrained\">\n<p class=\"has-text-align-center has-base-color has-text-color has-link-color agl agl-fadeCSSUp agl-in-distance-2 wp-elements-d813fc86431cc4f3cffd73601ed6e700\" style=\"font-size:clamp(2.2rem, 2.2rem + ((1vw - 0.2rem) * 3), 4rem);\"><strong>\u00fcber<\/strong> <em>mich<\/em><\/p>\n<\/div><\/div>\n\n\n\n<div style=\"height:100px\" aria-hidden=\"true\" class=\"wp-block-spacer\"><\/div>\n\n\n\n<div class=\"wp-block-columns alignwide has-small-font-size agl agl-fadeCSSUp agl-in-duration-800 agl-in-distance-1 is-layout-flex wp-container-core-columns-is-layout-28f84493 wp-block-columns-is-layout-flex\">\n<div class=\"wp-block-column has-global-padding is-content-justification-left is-layout-constrained wp-container-core-column-is-layout-cf56e1d1 wp-block-column-is-layout-constrained\" style=\"padding-right:0;padding-left:0;flex-basis:25%\">\n<div style=\"height:45px\" aria-hidden=\"true\" class=\"wp-block-spacer\"><\/div>\n\n\n\n<figure class=\"wp-block-image alignleft size-full is-resized\"><img loading=\"lazy\" decoding=\"async\" width=\"516\" height=\"650\" src=\"https:\/\/www.santi-zt.at\/wp-content\/uploads\/2024\/08\/JS_por_2.png\" alt=\"\" class=\"wp-image-943\" style=\"width:250px\" srcset=\"https:\/\/www.santi-zt.at\/wp-content\/uploads\/2024\/08\/JS_por_2.png 516w, https:\/\/www.santi-zt.at\/wp-content\/uploads\/2024\/08\/JS_por_2-238x300.png 238w\" sizes=\"auto, (max-width: 516px) 100vw, 516px\" \/><\/figure>\n\n\n\n<div style=\"height:20px\" aria-hidden=\"true\" class=\"wp-block-spacer\"><\/div>\n\n\n\n<p><strong>Ausbildung:<\/strong><br>2022&nbsp; ZT Befugnis Architektur<br>2004&nbsp; Diplom Architektur, TU- Wien<br>1991&nbsp; Matura HTL Elektrotechnik<\/p>\n<\/div>\n\n\n\n<div class=\"wp-block-column has-global-padding is-content-justification-left is-layout-constrained wp-container-core-column-is-layout-d8e6de05 wp-block-column-is-layout-constrained\" style=\"flex-basis:40%\">\n<p class=\"has-text-align-left has-small-font-size\" style=\"padding-top:0;padding-bottom:0;font-style:normal;font-weight:700\">CV<\/p>\n\n\n\n<p class=\"has-text-align-left has-small-font-size\">Nach Abschluss des Architekturstudiums an der TU- Wien begann ich meine berufliche Karriere bei hke architekten ZT gmbh mit dem Schwerpunkt Polier- und Detailplanung. Nach vielen Jahren in der Ausf\u00fchrungsplanung durfte ich im Rahmen der \u00f6rtlichen Bauaufsicht auch die Umsetzung unserer Planung vor Ort sicherstellen.<\/p>\n\n\n\n<p class=\"has-text-align-left has-small-font-size\">In den darauffolgenden beruflichen Stationen bei DI Rollwagen und KS Ingenieure vertiefte ich meine Kompetenz der Projektleitung und \u00d6BA.<br>Im Jahr 2019 fand ein beruflicher Wechsel zu einem Bautr\u00e4ger als Bereichsleiter Baumanagement statt. 2021 kehrte ich als Gesch\u00e4ftsleiter der Sparte Baumanagement zu KS Ingenieure zur\u00fcck. Neben meinen Managementaufgaben \u00fcbernahm ich auch hier vereinzelt Projekte im Rahmen einer operativen \u00d6BA-T\u00e4tigkeit.<\/p>\n\n\n\n<p class=\"has-text-align-left has-small-font-size\">Die Erlangung der Ziviltechnikerbefugnis im Jahr 2022 erm\u00f6glichte es mir meinen langj\u00e4hrigen Wunsch, f\u00fcr meine Auftraggeber auf selbstst\u00e4ndiger Basis zum zufriedenen Projekterfolg beizutragen, zu erf\u00fcllen.<\/p>\n\n\n\n<p class=\"has-text-align-left has-small-font-size\">Meine fundierten Erfahrungen in den Bereichen Planung, Projektmanagement und Mitarbeitermotivation sind f\u00fcr mich die Grundlage, meine Auftraggeber im Rahmen des Baumanagements bestm\u00f6glich zu betreuen.<br><\/p>\n<\/div>\n\n\n\n<div class=\"wp-block-column has-global-padding is-content-justification-right is-layout-constrained wp-container-core-column-is-layout-380d4ba8 wp-block-column-is-layout-constrained\" style=\"flex-basis:25%\">\n<div class=\"wp-block-cover is-light\" style=\"margin-top:0;margin-bottom:0;padding-top:0;padding-right:0;padding-bottom:0;padding-left:0\"><img loading=\"lazy\" decoding=\"async\" width=\"470\" height=\"918\" class=\"wp-block-cover__image-background wp-image-905\" alt=\"\" src=\"https:\/\/www.santi-zt.at\/wp-content\/uploads\/2024\/08\/szt_sigl.png\" style=\"object-position:100% 5%\" data-object-fit=\"cover\" data-object-position=\"100% 5%\" srcset=\"https:\/\/www.santi-zt.at\/wp-content\/uploads\/2024\/08\/szt_sigl.png 470w, https:\/\/www.santi-zt.at\/wp-content\/uploads\/2024\/08\/szt_sigl-154x300.png 154w\" sizes=\"auto, (max-width: 470px) 100vw, 470px\" \/><span aria-hidden=\"true\" class=\"wp-block-cover__background has-base-background-color has-background-dim-80 has-background-dim\"><\/span><div class=\"wp-block-cover__inner-container is-layout-flow wp-container-core-cover-is-layout-bf82bb19 wp-block-cover-is-layout-flow\">\n<p class=\"has-text-align-right\" style=\"margin-top:0;margin-bottom:0;padding-top:0;padding-bottom:0;font-style:normal;font-weight:700\">Beruflicher Werdegang<\/p>\n\n\n\n<div style=\"height:2px\" aria-hidden=\"true\" class=\"wp-block-spacer\"><\/div>\n\n\n\n<p class=\"has-text-align-right\" style=\"margin-top:0;margin-bottom:0;padding-top:0;padding-bottom:0;font-style:normal;font-weight:400\">1994-2004<br>Architekt Dipl.-Ing. Dr. techn. Karl Mezera<\/p>\n\n\n\n<p class=\"has-text-align-right\" style=\"margin-top:0;margin-bottom:0;padding-top:0;padding-bottom:0;font-style:normal;font-weight:400\">2004-2010<br>hke architekten Ziviltechniker Gmbh<\/p>\n\n\n\n<p class=\"has-text-align-right\" style=\"margin-top:0;margin-bottom:0;padding-top:0;padding-bottom:0;font-style:normal;font-weight:400\">2010-2013<br>DI Rollwagen Architektur + Bauprojektmanagement ZT Gmbh<\/p>\n\n\n\n<p class=\"has-text-align-right\" style=\"margin-top:0;margin-bottom:0;padding-top:0;padding-bottom:0;font-style:normal;font-weight:400\">2013-2019<br>KS Ingenieure ZT GmbH<\/p>\n\n\n\n<p class=\"has-text-align-right\" style=\"margin-top:0;margin-bottom:0;padding-top:0;padding-bottom:0;font-style:normal;font-weight:400\">2019- 2020<br>Project Immobilien Wien<\/p>\n\n\n\n<p class=\"has-text-align-right\" style=\"margin-top:0;margin-bottom:0;padding-top:0;padding-bottom:0;font-style:normal;font-weight:400\">2021-2022<br>KS Ingenieure ZT GmbH<\/p>\n\n\n\n<p class=\"has-text-align-right\" style=\"margin-top:0;margin-bottom:0;padding-top:0;padding-bottom:0;font-style:normal;font-weight:400\">2022<br>FCP Fritsch Chiari &amp; Partner ZT GmbH<br>VI- Engineers Bautr\u00e4ger GmbH &amp; CO KG<\/p>\n\n\n\n<p class=\"has-text-align-right\" style=\"margin-top:0;margin-bottom:0;padding-top:0;padding-bottom:0;font-style:normal;font-weight:400\">Seit 2023<br>selbstst\u00e4ndiger Ziviltechniker<br><br><br><br><br><\/p>\n<\/div><\/div>\n<\/div>\n<\/div>\n\n\n\n<div style=\"height:2px\" aria-hidden=\"true\" class=\"wp-block-spacer\"><\/div>\n","protected":false},"excerpt":{"rendered":"<p>Architekt Dipl.-Ing. Joachim Santi1100 Wien, Hackergasse 6\/4\/8 +43 664 464 77 57js@santi-zt.at scan QR Code f\u00fcr Visitenkarte: Kontakt am Smartphone speichern: den QR- Code dr\u00fccken und halten Ausbildung:2022&nbsp; ZT Befugnis Architektur2004&nbsp; Diplom Architektur, TU- Wien1991&nbsp; Matura HTL Elektrotechnik CV Nach Abschluss des Architekturstudiums an der TU- Wien begann ich meine berufliche Karriere bei hke architekten [&hellip;]<\/p>\n","protected":false},"author":1,"featured_media":0,"parent":0,"menu_order":0,"comment_status":"closed","ping_status":"closed","template":"","meta":{"footnotes":""},"class_list":["post-90","page","type-page","status-publish","hentry"],"yoast_head":"<!-- This site is optimized with the Yoast SEO plugin v25.9 - https:\/\/yoast.com\/wordpress\/plugins\/seo\/ -->\n<title>Kontakt - Architekt Dipl.-Ing. Joachim Santi<\/title>\n<meta name=\"description\" content=\"Unser Leistungsspektrum umfasst s\u00e4mtliche Ziviltechnikerleistungen f\u00fcr Ihre Hochbauprojekte im Bereich des Bau- Projektmanagements +\" \/>\n<meta name=\"robots\" content=\"index, follow, max-snippet:-1, max-image-preview:large, max-video-preview:-1\" \/>\n<link rel=\"canonical\" href=\"https:\/\/www.santi-zt.at\/index.php\/kontakt\/\" \/>\n<meta property=\"og:locale\" content=\"de_DE\" \/>\n<meta property=\"og:type\" content=\"article\" \/>\n<meta property=\"og:title\" content=\"Kontakt - Architekt Dipl.-Ing. Joachim Santi\" \/>\n<meta property=\"og:description\" content=\"Unser Leistungsspektrum umfasst s\u00e4mtliche Ziviltechnikerleistungen f\u00fcr Ihre Hochbauprojekte im Bereich des Bau- Projektmanagements +\" \/>\n<meta property=\"og:url\" content=\"https:\/\/www.santi-zt.at\/index.php\/kontakt\/\" \/>\n<meta property=\"og:site_name\" content=\"Architekt Dipl.-Ing. Joachim Santi\" \/>\n<meta property=\"article:modified_time\" content=\"2025-09-15T16:02:16+00:00\" \/>\n<meta property=\"og:image\" content=\"https:\/\/www.santi-zt.at\/wp-content\/uploads\/2024\/06\/szt_qr_.png\" \/>\n\t<meta property=\"og:image:width\" content=\"295\" \/>\n\t<meta property=\"og:image:height\" content=\"295\" \/>\n\t<meta property=\"og:image:type\" content=\"image\/png\" \/>\n<meta name=\"twitter:card\" content=\"summary_large_image\" \/>\n<meta name=\"twitter:label1\" content=\"Gesch\u00e4tzte Lesezeit\" \/>\n\t<meta name=\"twitter:data1\" content=\"3 Minuten\" \/>\n<script type=\"application\/ld+json\" class=\"yoast-schema-graph\">{\"@context\":\"https:\/\/schema.org\",\"@graph\":[{\"@type\":\"WebPage\",\"@id\":\"https:\/\/www.santi-zt.at\/index.php\/kontakt\/\",\"url\":\"https:\/\/www.santi-zt.at\/index.php\/kontakt\/\",\"name\":\"Kontakt - Architekt Dipl.-Ing. Joachim Santi\",\"isPartOf\":{\"@id\":\"https:\/\/www.santi-zt.at\/#website\"},\"primaryImageOfPage\":{\"@id\":\"https:\/\/www.santi-zt.at\/index.php\/kontakt\/#primaryimage\"},\"image\":{\"@id\":\"https:\/\/www.santi-zt.at\/index.php\/kontakt\/#primaryimage\"},\"thumbnailUrl\":\"https:\/\/www.santi-zt.at\/wp-content\/uploads\/2024\/06\/szt_qr_.png\",\"datePublished\":\"2024-06-24T21:29:25+00:00\",\"dateModified\":\"2025-09-15T16:02:16+00:00\",\"description\":\"Unser Leistungsspektrum umfasst s\u00e4mtliche Ziviltechnikerleistungen f\u00fcr Ihre Hochbauprojekte im Bereich des Bau- Projektmanagements +\",\"breadcrumb\":{\"@id\":\"https:\/\/www.santi-zt.at\/index.php\/kontakt\/#breadcrumb\"},\"inLanguage\":\"de-AT\",\"potentialAction\":[{\"@type\":\"ReadAction\",\"target\":[\"https:\/\/www.santi-zt.at\/index.php\/kontakt\/\"]}]},{\"@type\":\"ImageObject\",\"inLanguage\":\"de-AT\",\"@id\":\"https:\/\/www.santi-zt.at\/index.php\/kontakt\/#primaryimage\",\"url\":\"https:\/\/www.santi-zt.at\/wp-content\/uploads\/2024\/06\/szt_qr_.png\",\"contentUrl\":\"https:\/\/www.santi-zt.at\/wp-content\/uploads\/2024\/06\/szt_qr_.png\",\"width\":295,\"height\":295},{\"@type\":\"BreadcrumbList\",\"@id\":\"https:\/\/www.santi-zt.at\/index.php\/kontakt\/#breadcrumb\",\"itemListElement\":[{\"@type\":\"ListItem\",\"position\":1,\"name\":\"Startseite\",\"item\":\"https:\/\/www.santi-zt.at\/\"},{\"@type\":\"ListItem\",\"position\":2,\"name\":\"Kontakt\"}]},{\"@type\":\"WebSite\",\"@id\":\"https:\/\/www.santi-zt.at\/#website\",\"url\":\"https:\/\/www.santi-zt.at\/\",\"name\":\"Architekt Dipl.-Ing. Joachim Santi\",\"description\":\"Bauprojektmanagement \u00d6BA Projektsteuerung\",\"publisher\":{\"@id\":\"https:\/\/www.santi-zt.at\/#organization\"},\"potentialAction\":[{\"@type\":\"SearchAction\",\"target\":{\"@type\":\"EntryPoint\",\"urlTemplate\":\"https:\/\/www.santi-zt.at\/?s={search_term_string}\"},\"query-input\":{\"@type\":\"PropertyValueSpecification\",\"valueRequired\":true,\"valueName\":\"search_term_string\"}}],\"inLanguage\":\"de-AT\"},{\"@type\":\"Organization\",\"@id\":\"https:\/\/www.santi-zt.at\/#organization\",\"name\":\"Architekt Dipl.-Ing. Joachim Santi\",\"url\":\"https:\/\/www.santi-zt.at\/\",\"logo\":{\"@type\":\"ImageObject\",\"inLanguage\":\"de-AT\",\"@id\":\"https:\/\/www.santi-zt.at\/#\/schema\/logo\/image\/\",\"url\":\"https:\/\/www.santi-zt.at\/wp-content\/uploads\/2024\/06\/cropped-24_szt_log_sw_1200-1.png\",\"contentUrl\":\"https:\/\/www.santi-zt.at\/wp-content\/uploads\/2024\/06\/cropped-24_szt_log_sw_1200-1.png\",\"width\":982,\"height\":250,\"caption\":\"Architekt Dipl.-Ing. Joachim Santi\"},\"image\":{\"@id\":\"https:\/\/www.santi-zt.at\/#\/schema\/logo\/image\/\"}}]}<\/script>\n<!-- \/ Yoast SEO plugin. -->","yoast_head_json":{"title":"Kontakt - Architekt Dipl.-Ing. Joachim Santi","description":"Unser Leistungsspektrum umfasst s\u00e4mtliche Ziviltechnikerleistungen f\u00fcr Ihre Hochbauprojekte im Bereich des Bau- Projektmanagements +","robots":{"index":"index","follow":"follow","max-snippet":"max-snippet:-1","max-image-preview":"max-image-preview:large","max-video-preview":"max-video-preview:-1"},"canonical":"https:\/\/www.santi-zt.at\/index.php\/kontakt\/","og_locale":"de_DE","og_type":"article","og_title":"Kontakt - Architekt Dipl.-Ing. Joachim Santi","og_description":"Unser Leistungsspektrum umfasst s\u00e4mtliche Ziviltechnikerleistungen f\u00fcr Ihre Hochbauprojekte im Bereich des Bau- Projektmanagements +","og_url":"https:\/\/www.santi-zt.at\/index.php\/kontakt\/","og_site_name":"Architekt Dipl.-Ing. Joachim Santi","article_modified_time":"2025-09-15T16:02:16+00:00","og_image":[{"width":295,"height":295,"url":"https:\/\/www.santi-zt.at\/wp-content\/uploads\/2024\/06\/szt_qr_.png","type":"image\/png"}],"twitter_card":"summary_large_image","twitter_misc":{"Gesch\u00e4tzte Lesezeit":"3 Minuten"},"schema":{"@context":"https:\/\/schema.org","@graph":[{"@type":"WebPage","@id":"https:\/\/www.santi-zt.at\/index.php\/kontakt\/","url":"https:\/\/www.santi-zt.at\/index.php\/kontakt\/","name":"Kontakt - Architekt Dipl.-Ing. Joachim Santi","isPartOf":{"@id":"https:\/\/www.santi-zt.at\/#website"},"primaryImageOfPage":{"@id":"https:\/\/www.santi-zt.at\/index.php\/kontakt\/#primaryimage"},"image":{"@id":"https:\/\/www.santi-zt.at\/index.php\/kontakt\/#primaryimage"},"thumbnailUrl":"https:\/\/www.santi-zt.at\/wp-content\/uploads\/2024\/06\/szt_qr_.png","datePublished":"2024-06-24T21:29:25+00:00","dateModified":"2025-09-15T16:02:16+00:00","description":"Unser Leistungsspektrum umfasst s\u00e4mtliche Ziviltechnikerleistungen f\u00fcr Ihre Hochbauprojekte im Bereich des Bau- Projektmanagements +","breadcrumb":{"@id":"https:\/\/www.santi-zt.at\/index.php\/kontakt\/#breadcrumb"},"inLanguage":"de-AT","potentialAction":[{"@type":"ReadAction","target":["https:\/\/www.santi-zt.at\/index.php\/kontakt\/"]}]},{"@type":"ImageObject","inLanguage":"de-AT","@id":"https:\/\/www.santi-zt.at\/index.php\/kontakt\/#primaryimage","url":"https:\/\/www.santi-zt.at\/wp-content\/uploads\/2024\/06\/szt_qr_.png","contentUrl":"https:\/\/www.santi-zt.at\/wp-content\/uploads\/2024\/06\/szt_qr_.png","width":295,"height":295},{"@type":"BreadcrumbList","@id":"https:\/\/www.santi-zt.at\/index.php\/kontakt\/#breadcrumb","itemListElement":[{"@type":"ListItem","position":1,"name":"Startseite","item":"https:\/\/www.santi-zt.at\/"},{"@type":"ListItem","position":2,"name":"Kontakt"}]},{"@type":"WebSite","@id":"https:\/\/www.santi-zt.at\/#website","url":"https:\/\/www.santi-zt.at\/","name":"Architekt Dipl.-Ing. Joachim Santi","description":"Bauprojektmanagement \u00d6BA Projektsteuerung","publisher":{"@id":"https:\/\/www.santi-zt.at\/#organization"},"potentialAction":[{"@type":"SearchAction","target":{"@type":"EntryPoint","urlTemplate":"https:\/\/www.santi-zt.at\/?s={search_term_string}"},"query-input":{"@type":"PropertyValueSpecification","valueRequired":true,"valueName":"search_term_string"}}],"inLanguage":"de-AT"},{"@type":"Organization","@id":"https:\/\/www.santi-zt.at\/#organization","name":"Architekt Dipl.-Ing. Joachim Santi","url":"https:\/\/www.santi-zt.at\/","logo":{"@type":"ImageObject","inLanguage":"de-AT","@id":"https:\/\/www.santi-zt.at\/#\/schema\/logo\/image\/","url":"https:\/\/www.santi-zt.at\/wp-content\/uploads\/2024\/06\/cropped-24_szt_log_sw_1200-1.png","contentUrl":"https:\/\/www.santi-zt.at\/wp-content\/uploads\/2024\/06\/cropped-24_szt_log_sw_1200-1.png","width":982,"height":250,"caption":"Architekt Dipl.-Ing. Joachim Santi"},"image":{"@id":"https:\/\/www.santi-zt.at\/#\/schema\/logo\/image\/"}}]}},"_links":{"self":[{"href":"https:\/\/www.santi-zt.at\/index.php\/wp-json\/wp\/v2\/pages\/90","targetHints":{"allow":["GET"]}}],"collection":[{"href":"https:\/\/www.santi-zt.at\/index.php\/wp-json\/wp\/v2\/pages"}],"about":[{"href":"https:\/\/www.santi-zt.at\/index.php\/wp-json\/wp\/v2\/types\/page"}],"author":[{"embeddable":true,"href":"https:\/\/www.santi-zt.at\/index.php\/wp-json\/wp\/v2\/users\/1"}],"replies":[{"embeddable":true,"href":"https:\/\/www.santi-zt.at\/index.php\/wp-json\/wp\/v2\/comments?post=90"}],"version-history":[{"count":77,"href":"https:\/\/www.santi-zt.at\/index.php\/wp-json\/wp\/v2\/pages\/90\/revisions"}],"predecessor-version":[{"id":1902,"href":"https:\/\/www.santi-zt.at\/index.php\/wp-json\/wp\/v2\/pages\/90\/revisions\/1902"}],"wp:attachment":[{"href":"https:\/\/www.santi-zt.at\/index.php\/wp-json\/wp\/v2\/media?parent=90"}],"curies":[{"name":"wp","href":"https:\/\/api.w.org\/{rel}","templated":true}]}}